{"id":30129,"date":"2026-01-27T06:33:55","date_gmt":"2026-01-27T06:33:55","guid":{"rendered":"https:\/\/glowyard.com\/product\/sm251338-die-cast-aluminum-pc-uv-resistant-material-ufo-solar-street-light-800w\/"},"modified":"2026-03-23T14:10:41","modified_gmt":"2026-03-23T14:10:41","slug":"sm251338","status":"publish","type":"product","link":"https:\/\/glowyard.com\/de\/product\/sm251338\/","title":{"rendered":"SM251338 UFO-Solarstra\u00dfenleuchte 800W aus Aluminium-Druckguss und Polycarbonat (UV-best\u00e4ndiges Material)."},"content":{"rendered":"","protected":false},"excerpt":{"rendered":"<p><!-- SM251338 --><\/p>\n<table class=\"wp-block-table\">\n<tbody>\n<tr>\n<td><strong>Material<\/strong><\/td>\n<td>Aluminium-Druckguss, Polycarbonat (UV-best\u00e4ndiges Material)<\/td>\n<\/tr>\n<tr>\n<td><strong>Gr\u00f6\u00dfe<\/strong><\/td>\n<td>Durchmesser 580 mm, H\u00f6he 248 mm, H\u00fclseninnendurchmesser 78 mm<\/td>\n<\/tr>\n<tr>\n<td><strong>Solarpanel<\/strong><\/td>\n<td>Monokristallines Silizium der G\u00fcteklasse A, 4 V\/32 W<\/td>\n<\/tr>\n<tr>\n<td><strong>Batterie<\/strong><\/td>\n<td>Neue LiFePO4-Batterie der G\u00fcteklasse A, 32 Ah<\/td>\n<\/tr>\n<tr>\n<td><strong>Lichtquelle<\/strong><\/td>\n<td>186 St\u00fcck 5730 (wei\u00dfes Licht) LEDs, 186 St\u00fcck 5730 (warmes Licht) LEDs, 36 St\u00fcck 5054 (RGB) LEDs<\/td>\n<\/tr>\n<tr>\n<td><strong>IP-Schutzart<\/strong><\/td>\n<td>IP65<\/td>\n<\/tr>\n<\/tbody>\n<\/table>","protected":false},"featured_media":29840,"comment_status":"open","ping_status":"closed","template":"","meta":{"_acf_changed":false,"_seopress_robots_primary_cat":"","_seopress_titles_title":"Wholesale UFO Solar Street Light 800W | GlowYard","_seopress_titles_desc":"Wholesale UFO solar street lights 800W for retailers. Die-cast aluminum and UV-resistant PC construction. Perfect for commercial lighting suppliers and contractors. Bulk discounts offered!","_seopress_robots_index":"","site-sidebar-layout":"default","site-content-layout":"","ast-site-content-layout":"default","site-content-style":"default","site-sidebar-style":"default","ast-global-header-display":"","ast-banner-title-visibility":"","ast-main-header-display":"","ast-hfb-above-header-display":"","ast-hfb-below-header-display":"","ast-hfb-mobile-header-display":"","site-post-title":"","ast-breadcrumbs-content":"","ast-featured-img":"","footer-sml-layout":"","ast-disable-related-posts":"","theme-transparent-header-meta":"","adv-header-id-meta":"","stick-header-meta":"","header-above-stick-meta":"","header-main-stick-meta":"","header-below-stick-meta":"","astra-migrate-meta-layouts":"default","ast-page-background-enabled":"default","ast-page-background-meta":{"desktop":{"background-color":"var(--ast-global-color-5)","background-image":"","background-repeat":"repeat","background-position":"center center","background-size":"auto","background-attachment":"scroll","background-type":"","background-media":"","overlay-type":"","overlay-color":"","overlay-opacity":"","overlay-gradient":""},"tablet":{"background-color":"","background-image":"","background-repeat":"repeat","background-position":"center center","background-size":"auto","background-attachment":"scroll","background-type":"","background-media":"","overlay-type":"","overlay-color":"","overlay-opacity":"","overlay-gradient":""},"mobile":{"background-color":"","background-image":"","background-repeat":"repeat","background-position":"center center","background-size":"auto","background-attachment":"scroll","background-type":"","background-media":"","overlay-type":"","overlay-color":"","overlay-opacity":"","overlay-gradient":""}},"ast-content-background-meta":{"desktop":{"background-color":"var(--ast-global-color-4)","background-image":"","background-repeat":"repeat","background-position":"center center","background-size":"auto","background-attachment":"scroll","background-type":"","background-media":"","overlay-type":"","overlay-color":"","overlay-opacity":"","overlay-gradient":""},"tablet":{"background-color":"var(--ast-global-color-4)","background-image":"","background-repeat":"repeat","background-position":"center center","background-size":"auto","background-attachment":"scroll","background-type":"","background-media":"","overlay-type":"","overlay-color":"","overlay-opacity":"","overlay-gradient":""},"mobile":{"background-color":"var(--ast-global-color-4)","background-image":"","background-repeat":"repeat","background-position":"center center","background-size":"auto","background-attachment":"scroll","background-type":"","background-media":"","overlay-type":"","overlay-color":"","overlay-opacity":"","overlay-gradient":""}}},"product_brand":[],"product_cat":[267,910,892],"product_tag":[896],"class_list":{"0":"post-30129","1":"product","2":"type-product","3":"status-publish","4":"has-post-thumbnail","6":"product_cat-lamp-solar-lights","7":"product_cat-solar-commercial-area-lighting","8":"product_cat-solar-street-lights","9":"product_tag-for-street-lighting","10":"desktop-align-left","11":"tablet-align-left","12":"mobile-align-left","14":"first","15":"instock","16":"shipping-taxable","17":"product-type-simple"},"acf":[],"_links":{"self":[{"href":"https:\/\/glowyard.com\/de\/wp-json\/wp\/v2\/product\/30129","targetHints":{"allow":["GET"]}}],"collection":[{"href":"https:\/\/glowyard.com\/de\/wp-json\/wp\/v2\/product"}],"about":[{"href":"https:\/\/glowyard.com\/de\/wp-json\/wp\/v2\/types\/product"}],"replies":[{"embeddable":true,"href":"https:\/\/glowyard.com\/de\/wp-json\/wp\/v2\/comments?post=30129"}],"wp:featuredmedia":[{"embeddable":true,"href":"https:\/\/glowyard.com\/de\/wp-json\/wp\/v2\/media\/29840"}],"wp:attachment":[{"href":"https:\/\/glowyard.com\/de\/wp-json\/wp\/v2\/media?parent=30129"}],"wp:term":[{"taxonomy":"product_brand","embeddable":true,"href":"https:\/\/glowyard.com\/de\/wp-json\/wp\/v2\/product_brand?post=30129"},{"taxonomy":"product_cat","embeddable":true,"href":"https:\/\/glowyard.com\/de\/wp-json\/wp\/v2\/product_cat?post=30129"},{"taxonomy":"product_tag","embeddable":true,"href":"https:\/\/glowyard.com\/de\/wp-json\/wp\/v2\/product_tag?post=30129"}],"curies":[{"name":"wp","href":"https:\/\/api.w.org\/{rel}","templated":true}]}}