{"id":14414,"date":"2025-10-13T10:21:26","date_gmt":"2025-10-13T10:21:26","guid":{"rendered":"https:\/\/glowyard.com\/product\/sm25569-abspp-plastic-6-led-firefly-animal-shape-solar-stake-light\/"},"modified":"2025-10-23T04:18:22","modified_gmt":"2025-10-23T04:18:22","slug":"sm25569","status":"publish","type":"product","link":"https:\/\/glowyard.com\/de\/product\/sm25569\/","title":{"rendered":"SM25569 ABS+PP Kunststoff 6 LED Gl\u00fchw\u00fcrmchenform Solar-Erdspie\u00dfleuchte"},"content":{"rendered":"","protected":false},"excerpt":{"rendered":"<p><!-- SM25569 --><\/p>\n<table class=\"wp-block-table\">\n<tbody>\n<tr>\n<td><strong>Material<\/strong><\/td>\n<td>S S201 ABS PP<\/td>\n<\/tr>\n<tr>\n<td><strong>Gr\u00f6\u00dfe<\/strong><\/td>\n<td>5 \u00d7 6,5 \u00d7 70 cm<\/td>\n<\/tr>\n<tr>\n<td><strong>Gewicht<\/strong><\/td>\n<td>135 g<\/td>\n<\/tr>\n<tr>\n<td><strong>Lichtquelle<\/strong><\/td>\n<td>Lichtquelle: 6 warmwei\u00dfe + farbige LEDs<\/td>\n<\/tr>\n<tr>\n<td><strong>Solarpanel<\/strong><\/td>\n<td>2 V 140 mA polykristallines Silizium<\/td>\n<\/tr>\n<tr>\n<td><strong>Batterie<\/strong><\/td>\n<td>Batterie: 1 St\u00fcck 2V 600mAh AA NI-MH-Batterie enthalten. .<\/td>\n<\/tr>\n<tr>\n<td><strong>Arbeitszeit<\/strong><\/td>\n<td>6-8<\/td>\n<\/tr>\n<tr>\n<td><strong>Ladezeit<\/strong><\/td>\n<td>8<\/td>\n<\/tr>\n<tr>\n<td><strong>IP-Schutzart<\/strong><\/td>\n<td>IP44-Schutzart, Lichtquelle: 6 warmwei\u00dfe LEDs, Lichtstrom: 5 lm<\/td>\n<\/tr>\n<\/tbody>\n<\/table>","protected":false},"featured_media":13217,"comment_status":"open","ping_status":"closed","template":"","meta":{"_acf_changed":false,"_seopress_robots_primary_cat":"","_seopress_titles_title":"ABS+PP 6-LED Firefly Shape Solar Stake Light - Glowyard","_seopress_titles_desc":"ABS+PP 6-LED firefly shape stake light for decorative gardens and retail. Durable materials, bulk discounts and OEM options. Contact sales for bulk pricing.","_seopress_robots_index":"","site-sidebar-layout":"default","site-content-layout":"","ast-site-content-layout":"default","site-content-style":"default","site-sidebar-style":"default","ast-global-header-display":"","ast-banner-title-visibility":"","ast-main-header-display":"","ast-hfb-above-header-display":"","ast-hfb-below-header-display":"","ast-hfb-mobile-header-display":"","site-post-title":"","ast-breadcrumbs-content":"","ast-featured-img":"","footer-sml-layout":"","ast-disable-related-posts":"","theme-transparent-header-meta":"","adv-header-id-meta":"","stick-header-meta":"","header-above-stick-meta":"","header-main-stick-meta":"","header-below-stick-meta":"","astra-migrate-meta-layouts":"default","ast-page-background-enabled":"default","ast-page-background-meta":{"desktop":{"background-color":"var(--ast-global-color-5)","background-image":"","background-repeat":"repeat","background-position":"center center","background-size":"auto","background-attachment":"scroll","background-type":"","background-media":"","overlay-type":"","overlay-color":"","overlay-opacity":"","overlay-gradient":""},"tablet":{"background-color":"","background-image":"","background-repeat":"repeat","background-position":"center center","background-size":"auto","background-attachment":"scroll","background-type":"","background-media":"","overlay-type":"","overlay-color":"","overlay-opacity":"","overlay-gradient":""},"mobile":{"background-color":"","background-image":"","background-repeat":"repeat","background-position":"center center","background-size":"auto","background-attachment":"scroll","background-type":"","background-media":"","overlay-type":"","overlay-color":"","overlay-opacity":"","overlay-gradient":""}},"ast-content-background-meta":{"desktop":{"background-color":"var(--ast-global-color-4)","background-image":"","background-repeat":"repeat","background-position":"center center","background-size":"auto","background-attachment":"scroll","background-type":"","background-media":"","overlay-type":"","overlay-color":"","overlay-opacity":"","overlay-gradient":""},"tablet":{"background-color":"var(--ast-global-color-4)","background-image":"","background-repeat":"repeat","background-position":"center center","background-size":"auto","background-attachment":"scroll","background-type":"","background-media":"","overlay-type":"","overlay-color":"","overlay-opacity":"","overlay-gradient":""},"mobile":{"background-color":"var(--ast-global-color-4)","background-image":"","background-repeat":"repeat","background-position":"center center","background-size":"auto","background-attachment":"scroll","background-type":"","background-media":"","overlay-type":"","overlay-color":"","overlay-opacity":"","overlay-gradient":""}}},"product_brand":[],"product_cat":[79,66,162,183,628,124],"product_tag":[640],"class_list":{"0":"post-14414","1":"product","2":"type-product","3":"status-publish","4":"has-post-thumbnail","6":"product_cat-animal-solar-lights","7":"product_cat-decorative-garden-solar-lights","8":"product_cat-figurines-solar-lights","9":"product_cat-firefly-solar-lights","10":"product_cat-plastic-solar-lights","11":"product_cat-stake-and-path-solar-lights","12":"product_tag-for-decorative-stake","13":"desktop-align-left","14":"tablet-align-left","15":"mobile-align-left","17":"first","18":"instock","19":"shipping-taxable","20":"product-type-simple"},"acf":[],"_links":{"self":[{"href":"https:\/\/glowyard.com\/de\/wp-json\/wp\/v2\/product\/14414","targetHints":{"allow":["GET"]}}],"collection":[{"href":"https:\/\/glowyard.com\/de\/wp-json\/wp\/v2\/product"}],"about":[{"href":"https:\/\/glowyard.com\/de\/wp-json\/wp\/v2\/types\/product"}],"replies":[{"embeddable":true,"href":"https:\/\/glowyard.com\/de\/wp-json\/wp\/v2\/comments?post=14414"}],"wp:featuredmedia":[{"embeddable":true,"href":"https:\/\/glowyard.com\/de\/wp-json\/wp\/v2\/media\/13217"}],"wp:attachment":[{"href":"https:\/\/glowyard.com\/de\/wp-json\/wp\/v2\/media?parent=14414"}],"wp:term":[{"taxonomy":"product_brand","embeddable":true,"href":"https:\/\/glowyard.com\/de\/wp-json\/wp\/v2\/product_brand?post=14414"},{"taxonomy":"product_cat","embeddable":true,"href":"https:\/\/glowyard.com\/de\/wp-json\/wp\/v2\/product_cat?post=14414"},{"taxonomy":"product_tag","embeddable":true,"href":"https:\/\/glowyard.com\/de\/wp-json\/wp\/v2\/product_tag?post=14414"}],"curies":[{"name":"wp","href":"https:\/\/api.w.org\/{rel}","templated":true}]}}