{"id":14192,"date":"2025-10-13T10:19:07","date_gmt":"2025-10-13T10:19:07","guid":{"rendered":"https:\/\/glowyard.com\/product\/sm24960-garden-solar-angel-resin-statue-with-freestanding-light-not-visible\/"},"modified":"2025-10-23T04:17:20","modified_gmt":"2025-10-23T04:17:20","slug":"sm24960","status":"publish","type":"product","link":"https:\/\/glowyard.com\/de\/product\/sm24960\/","title":{"rendered":"SM24960 Gartenengel aus Kunstharz, freistehend, Solarleuchte, nicht sichtbar"},"content":{"rendered":"","protected":false},"excerpt":{"rendered":"<p><!-- SM24960 --><\/p>\n<table class=\"wp-block-table\">\n<tbody>\n<tr>\n<td><strong>Material<\/strong><\/td>\n<td>Harzgr\u00f6\u00dfe 8,2 \u00d7 6,2 \u00d7 17,1 cm<\/td>\n<\/tr>\n<tr>\n<td><strong>Gr\u00f6\u00dfe<\/strong><\/td>\n<td>8,2 \u00d7 6,2<\/td>\n<\/tr>\n<tr>\n<td><strong>Gewicht<\/strong><\/td>\n<td>200 g<\/td>\n<\/tr>\n<tr>\n<td><strong>Solarpanel<\/strong><\/td>\n<td>Amorphes Silizium<\/td>\n<\/tr>\n<tr>\n<td><strong>Batterie<\/strong><\/td>\n<td>Betrieb mit 1 AAA 2V 300mAh NI-MH-Batterie (im Lieferumfang enthalten). .<\/td>\n<\/tr>\n<tr>\n<td><strong>Arbeitszeit<\/strong><\/td>\n<td>6-8<\/td>\n<\/tr>\n<tr>\n<td><strong>Ladezeit<\/strong><\/td>\n<td>8<\/td>\n<\/tr>\n<tr>\n<td><strong>IP-Schutzart<\/strong><\/td>\n<td>IP44<\/td>\n<\/tr>\n<\/tbody>\n<\/table>","protected":false},"featured_media":12224,"comment_status":"open","ping_status":"closed","template":"","meta":{"_acf_changed":false,"_seopress_robots_primary_cat":"","_seopress_titles_title":"Resin Garden Angel Freestanding Solar Light - Glowyard","_seopress_titles_desc":"Resin garden angel freestanding solar light for decorative gardens and memorials. Durable resin, bulk pricing and OEM services available. Request a quote.","_seopress_robots_index":"","site-sidebar-layout":"default","site-content-layout":"","ast-site-content-layout":"default","site-content-style":"default","site-sidebar-style":"default","ast-global-header-display":"","ast-banner-title-visibility":"","ast-main-header-display":"","ast-hfb-above-header-display":"","ast-hfb-below-header-display":"","ast-hfb-mobile-header-display":"","site-post-title":"","ast-breadcrumbs-content":"","ast-featured-img":"","footer-sml-layout":"","ast-disable-related-posts":"","theme-transparent-header-meta":"","adv-header-id-meta":"","stick-header-meta":"","header-above-stick-meta":"","header-main-stick-meta":"","header-below-stick-meta":"","astra-migrate-meta-layouts":"default","ast-page-background-enabled":"default","ast-page-background-meta":{"desktop":{"background-color":"var(--ast-global-color-5)","background-image":"","background-repeat":"repeat","background-position":"center center","background-size":"auto","background-attachment":"scroll","background-type":"","background-media":"","overlay-type":"","overlay-color":"","overlay-opacity":"","overlay-gradient":""},"tablet":{"background-color":"","background-image":"","background-repeat":"repeat","background-position":"center center","background-size":"auto","background-attachment":"scroll","background-type":"","background-media":"","overlay-type":"","overlay-color":"","overlay-opacity":"","overlay-gradient":""},"mobile":{"background-color":"","background-image":"","background-repeat":"repeat","background-position":"center center","background-size":"auto","background-attachment":"scroll","background-type":"","background-media":"","overlay-type":"","overlay-color":"","overlay-opacity":"","overlay-gradient":""}},"ast-content-background-meta":{"desktop":{"background-color":"var(--ast-global-color-4)","background-image":"","background-repeat":"repeat","background-position":"center center","background-size":"auto","background-attachment":"scroll","background-type":"","background-media":"","overlay-type":"","overlay-color":"","overlay-opacity":"","overlay-gradient":""},"tablet":{"background-color":"var(--ast-global-color-4)","background-image":"","background-repeat":"repeat","background-position":"center center","background-size":"auto","background-attachment":"scroll","background-type":"","background-media":"","overlay-type":"","overlay-color":"","overlay-opacity":"","overlay-gradient":""},"mobile":{"background-color":"var(--ast-global-color-4)","background-image":"","background-repeat":"repeat","background-position":"center center","background-size":"auto","background-attachment":"scroll","background-type":"","background-media":"","overlay-type":"","overlay-color":"","overlay-opacity":"","overlay-gradient":""}}},"product_brand":[],"product_cat":[123,141,66,162,630,623],"product_tag":[636],"class_list":{"0":"post-14192","1":"product","2":"type-product","3":"status-publish","4":"has-post-thumbnail","6":"product_cat-angel-solar-lights","7":"product_cat-cemetery-and-grave-solar-lights","8":"product_cat-decorative-garden-solar-lights","9":"product_cat-figurines-solar-lights","10":"product_cat-resin-solar-lights","11":"product_cat-tabletop-and-freestanding-solar-lights","12":"product_tag-for-cemetery","13":"desktop-align-left","14":"tablet-align-left","15":"mobile-align-left","17":"first","18":"instock","19":"shipping-taxable","20":"product-type-simple"},"acf":[],"_links":{"self":[{"href":"https:\/\/glowyard.com\/de\/wp-json\/wp\/v2\/product\/14192","targetHints":{"allow":["GET"]}}],"collection":[{"href":"https:\/\/glowyard.com\/de\/wp-json\/wp\/v2\/product"}],"about":[{"href":"https:\/\/glowyard.com\/de\/wp-json\/wp\/v2\/types\/product"}],"replies":[{"embeddable":true,"href":"https:\/\/glowyard.com\/de\/wp-json\/wp\/v2\/comments?post=14192"}],"wp:featuredmedia":[{"embeddable":true,"href":"https:\/\/glowyard.com\/de\/wp-json\/wp\/v2\/media\/12224"}],"wp:attachment":[{"href":"https:\/\/glowyard.com\/de\/wp-json\/wp\/v2\/media?parent=14192"}],"wp:term":[{"taxonomy":"product_brand","embeddable":true,"href":"https:\/\/glowyard.com\/de\/wp-json\/wp\/v2\/product_brand?post=14192"},{"taxonomy":"product_cat","embeddable":true,"href":"https:\/\/glowyard.com\/de\/wp-json\/wp\/v2\/product_cat?post=14192"},{"taxonomy":"product_tag","embeddable":true,"href":"https:\/\/glowyard.com\/de\/wp-json\/wp\/v2\/product_tag?post=14192"}],"curies":[{"name":"wp","href":"https:\/\/api.w.org\/{rel}","templated":true}]}}