{"id":14042,"date":"2025-10-13T10:17:33","date_gmt":"2025-10-13T10:17:33","guid":{"rendered":"https:\/\/glowyard.com\/product\/sm24137-plastic-abs-halloween-solar-stake-light-with-moon-design-6-led-pack-of-2\/"},"modified":"2026-03-19T08:15:34","modified_gmt":"2026-03-19T08:15:34","slug":"sm24137","status":"publish","type":"product","link":"https:\/\/glowyard.com\/de\/product\/sm24137\/","title":{"rendered":"SM24137 Halloween Augapfel-Dekoration 6LED Gl\u00fchw\u00fcrmchen Solar-Erdspie\u00dfleuchte"},"content":{"rendered":"","protected":false},"excerpt":{"rendered":"<p><!-- SM24137 --><\/p>\n<table class=\"wp-block-table\">\n<tbody>\n<tr>\n<td><strong>Material<\/strong><\/td>\n<td>ABS S S201<\/td>\n<\/tr>\n<tr>\n<td><strong>Gr\u00f6\u00dfe<\/strong><\/td>\n<td>H73cm<\/td>\n<\/tr>\n<tr>\n<td><strong>Lichtquelle<\/strong><\/td>\n<td>2 St\u00fcck 6-LED-Solar-Halloween-Steckleuchten<\/td>\n<\/tr>\n<tr>\n<td><strong>Solarpanel<\/strong><\/td>\n<td>2V 140mAh Polykristallines Silizium<\/td>\n<\/tr>\n<tr>\n<td><strong>Batterie<\/strong><\/td>\n<td>Betrieben mit 1 AA 2V 600mAh Ni-MH-Akku<\/td>\n<\/tr>\n<tr>\n<td><strong>Arbeitszeit<\/strong><\/td>\n<td>8<\/td>\n<\/tr>\n<tr>\n<td><strong>Ladezeit<\/strong><\/td>\n<td>7-8<\/td>\n<\/tr>\n<tr>\n<td><strong>IP-Schutzart<\/strong><\/td>\n<td>IP44 Lichtquelle: 1 St\u00fcck gr\u00fcn-violettes Licht<\/td>\n<\/tr>\n<\/tbody>\n<\/table>","protected":false},"featured_media":11743,"comment_status":"open","ping_status":"closed","template":"","meta":{"_acf_changed":false,"_seopress_robots_primary_cat":"none","_seopress_titles_title":"Halloween Eyeball Decoration 6LED Firefly Solar Stake Light- Glowyard","_seopress_titles_desc":"Halloween Eyeball Decoration 6LED Firefly Solar Stake Light- for seasonal retail. Durable ABS, bulk discounts and OEM options. Contact sales for bulk pricing.","_seopress_robots_index":"","site-sidebar-layout":"default","site-content-layout":"","ast-site-content-layout":"","site-content-style":"default","site-sidebar-style":"default","ast-global-header-display":"","ast-banner-title-visibility":"","ast-main-header-display":"","ast-hfb-above-header-display":"","ast-hfb-below-header-display":"","ast-hfb-mobile-header-display":"","site-post-title":"","ast-breadcrumbs-content":"","ast-featured-img":"","footer-sml-layout":"","ast-disable-related-posts":"","theme-transparent-header-meta":"","adv-header-id-meta":"","stick-header-meta":"","header-above-stick-meta":"","header-main-stick-meta":"","header-below-stick-meta":"","astra-migrate-meta-layouts":"default","ast-page-background-enabled":"default","ast-page-background-meta":{"desktop":{"background-color":"var(--ast-global-color-5)","background-image":"","background-repeat":"repeat","background-position":"center center","background-size":"auto","background-attachment":"scroll","background-type":"","background-media":"","overlay-type":"","overlay-color":"","overlay-opacity":"","overlay-gradient":""},"tablet":{"background-color":"","background-image":"","background-repeat":"repeat","background-position":"center center","background-size":"auto","background-attachment":"scroll","background-type":"","background-media":"","overlay-type":"","overlay-color":"","overlay-opacity":"","overlay-gradient":""},"mobile":{"background-color":"","background-image":"","background-repeat":"repeat","background-position":"center center","background-size":"auto","background-attachment":"scroll","background-type":"","background-media":"","overlay-type":"","overlay-color":"","overlay-opacity":"","overlay-gradient":""}},"ast-content-background-meta":{"desktop":{"background-color":"var(--ast-global-color-4)","background-image":"","background-repeat":"repeat","background-position":"center center","background-size":"auto","background-attachment":"scroll","background-type":"","background-media":"","overlay-type":"","overlay-color":"","overlay-opacity":"","overlay-gradient":""},"tablet":{"background-color":"var(--ast-global-color-4)","background-image":"","background-repeat":"repeat","background-position":"center center","background-size":"auto","background-attachment":"scroll","background-type":"","background-media":"","overlay-type":"","overlay-color":"","overlay-opacity":"","overlay-gradient":""},"mobile":{"background-color":"var(--ast-global-color-4)","background-image":"","background-repeat":"repeat","background-position":"center center","background-size":"auto","background-attachment":"scroll","background-type":"","background-media":"","overlay-type":"","overlay-color":"","overlay-opacity":"","overlay-gradient":""}}},"product_brand":[],"product_cat":[66,183,91,628,124,163],"product_tag":[640,643],"class_list":{"0":"post-14042","1":"product","2":"type-product","3":"status-publish","4":"has-post-thumbnail","6":"product_cat-decorative-garden-solar-lights","7":"product_cat-firefly-solar-lights","8":"product_cat-halloween-solar-lights","9":"product_cat-plastic-solar-lights","10":"product_cat-stake-and-path-solar-lights","11":"product_cat-thematic-and-seasonal-solar-lights-category","12":"product_tag-for-decorative-stake","13":"product_tag-for-halloween","14":"desktop-align-left","15":"tablet-align-left","16":"mobile-align-left","18":"first","19":"instock","20":"shipping-taxable","21":"product-type-simple"},"acf":[],"_links":{"self":[{"href":"https:\/\/glowyard.com\/de\/wp-json\/wp\/v2\/product\/14042","targetHints":{"allow":["GET"]}}],"collection":[{"href":"https:\/\/glowyard.com\/de\/wp-json\/wp\/v2\/product"}],"about":[{"href":"https:\/\/glowyard.com\/de\/wp-json\/wp\/v2\/types\/product"}],"replies":[{"embeddable":true,"href":"https:\/\/glowyard.com\/de\/wp-json\/wp\/v2\/comments?post=14042"}],"wp:featuredmedia":[{"embeddable":true,"href":"https:\/\/glowyard.com\/de\/wp-json\/wp\/v2\/media\/11743"}],"wp:attachment":[{"href":"https:\/\/glowyard.com\/de\/wp-json\/wp\/v2\/media?parent=14042"}],"wp:term":[{"taxonomy":"product_brand","embeddable":true,"href":"https:\/\/glowyard.com\/de\/wp-json\/wp\/v2\/product_brand?post=14042"},{"taxonomy":"product_cat","embeddable":true,"href":"https:\/\/glowyard.com\/de\/wp-json\/wp\/v2\/product_cat?post=14042"},{"taxonomy":"product_tag","embeddable":true,"href":"https:\/\/glowyard.com\/de\/wp-json\/wp\/v2\/product_tag?post=14042"}],"curies":[{"name":"wp","href":"https:\/\/api.w.org\/{rel}","templated":true}]}}