{"id":13620,"date":"2025-10-13T10:13:20","date_gmt":"2025-10-13T10:13:20","guid":{"rendered":"https:\/\/glowyard.com\/product\/sm221303-plastic-pp-solar-flower-led-stake-light\/"},"modified":"2026-03-17T06:07:21","modified_gmt":"2026-03-17T06:07:21","slug":"sm221303-kunststoff-pp-solar-blumen-led-spiesleuchte","status":"publish","type":"product","link":"https:\/\/glowyard.com\/de\/product\/sm221303-plastic-pp-solar-flower-led-stake-light\/","title":{"rendered":"SM221303 Metall-Eisen-Blume mit Pflanzgef\u00e4\u00df und Solar-Erdspie\u00dfleuchte"},"content":{"rendered":"","protected":false},"excerpt":{"rendered":"<p><!-- SM221303 --><\/p>\n<table class=\"wp-block-table\">\n<tbody>\n<tr>\n<td><strong>Material<\/strong><\/td>\n<td>Eisen PP<\/td>\n<\/tr>\n<tr>\n<td><strong>Gr\u00f6\u00dfe<\/strong><\/td>\n<td>17,5 x 13 x 54,5 cm<\/td>\n<\/tr>\n<tr>\n<td><strong>Gewicht<\/strong><\/td>\n<td>210 g<\/td>\n<\/tr>\n<tr>\n<td><strong>Lichtquelle<\/strong><\/td>\n<td>LED: 28 St\u00fcck warmwei\u00df<\/td>\n<\/tr>\n<tr>\n<td><strong>Solarpanel<\/strong><\/td>\n<td>polykristallines Silizium 2 V 60 mA<\/td>\n<\/tr>\n<tr>\n<td><strong>Batterie<\/strong><\/td>\n<td>2V Ni-MH AAA 600mAh<\/td>\n<\/tr>\n<tr>\n<td><strong>Ladezeit<\/strong><\/td>\n<td>8-10<\/td>\n<\/tr>\n<\/tbody>\n<\/table>","protected":false},"featured_media":10552,"comment_status":"open","ping_status":"closed","template":"","meta":{"_acf_changed":false,"_seopress_robots_primary_cat":"none","_seopress_titles_title":"Metal Iron Flower With Planter Solar Stake Light - Glowyard","_seopress_titles_desc":"Metal Iron Flower With Planter Solar Stake Light for landscape installations. Weatherproof, bulk pricing and OEM options for resellers. Contact sales for bulk pricing.","_seopress_robots_index":"","site-sidebar-layout":"default","site-content-layout":"","ast-site-content-layout":"","site-content-style":"default","site-sidebar-style":"default","ast-global-header-display":"","ast-banner-title-visibility":"","ast-main-header-display":"","ast-hfb-above-header-display":"","ast-hfb-below-header-display":"","ast-hfb-mobile-header-display":"","site-post-title":"","ast-breadcrumbs-content":"","ast-featured-img":"","footer-sml-layout":"","ast-disable-related-posts":"","theme-transparent-header-meta":"","adv-header-id-meta":"","stick-header-meta":"","header-above-stick-meta":"","header-main-stick-meta":"","header-below-stick-meta":"","astra-migrate-meta-layouts":"default","ast-page-background-enabled":"default","ast-page-background-meta":{"desktop":{"background-color":"var(--ast-global-color-5)","background-image":"","background-repeat":"repeat","background-position":"center center","background-size":"auto","background-attachment":"scroll","background-type":"","background-media":"","overlay-type":"","overlay-color":"","overlay-opacity":"","overlay-gradient":""},"tablet":{"background-color":"","background-image":"","background-repeat":"repeat","background-position":"center center","background-size":"auto","background-attachment":"scroll","background-type":"","background-media":"","overlay-type":"","overlay-color":"","overlay-opacity":"","overlay-gradient":""},"mobile":{"background-color":"","background-image":"","background-repeat":"repeat","background-position":"center center","background-size":"auto","background-attachment":"scroll","background-type":"","background-media":"","overlay-type":"","overlay-color":"","overlay-opacity":"","overlay-gradient":""}},"ast-content-background-meta":{"desktop":{"background-color":"var(--ast-global-color-4)","background-image":"","background-repeat":"repeat","background-position":"center center","background-size":"auto","background-attachment":"scroll","background-type":"","background-media":"","overlay-type":"","overlay-color":"","overlay-opacity":"","overlay-gradient":""},"tablet":{"background-color":"var(--ast-global-color-4)","background-image":"","background-repeat":"repeat","background-position":"center center","background-size":"auto","background-attachment":"scroll","background-type":"","background-media":"","overlay-type":"","overlay-color":"","overlay-opacity":"","overlay-gradient":""},"mobile":{"background-color":"var(--ast-global-color-4)","background-image":"","background-repeat":"repeat","background-position":"center center","background-size":"auto","background-attachment":"scroll","background-type":"","background-media":"","overlay-type":"","overlay-color":"","overlay-opacity":"","overlay-gradient":""}}},"product_brand":[],"product_cat":[66,75,627,921,124],"product_tag":[640],"class_list":{"0":"post-13620","1":"product","2":"type-product","3":"status-publish","4":"has-post-thumbnail","6":"product_cat-decorative-garden-solar-lights","7":"product_cat-flower-solar-lights","8":"product_cat-iron-solar-lights","9":"product_cat-metal-art-solar-stake-lights","10":"product_cat-stake-and-path-solar-lights","11":"product_tag-for-decorative-stake","12":"desktop-align-left","13":"tablet-align-left","14":"mobile-align-left","16":"first","17":"instock","18":"shipping-taxable","19":"product-type-simple"},"acf":[],"_links":{"self":[{"href":"https:\/\/glowyard.com\/de\/wp-json\/wp\/v2\/product\/13620","targetHints":{"allow":["GET"]}}],"collection":[{"href":"https:\/\/glowyard.com\/de\/wp-json\/wp\/v2\/product"}],"about":[{"href":"https:\/\/glowyard.com\/de\/wp-json\/wp\/v2\/types\/product"}],"replies":[{"embeddable":true,"href":"https:\/\/glowyard.com\/de\/wp-json\/wp\/v2\/comments?post=13620"}],"wp:featuredmedia":[{"embeddable":true,"href":"https:\/\/glowyard.com\/de\/wp-json\/wp\/v2\/media\/10552"}],"wp:attachment":[{"href":"https:\/\/glowyard.com\/de\/wp-json\/wp\/v2\/media?parent=13620"}],"wp:term":[{"taxonomy":"product_brand","embeddable":true,"href":"https:\/\/glowyard.com\/de\/wp-json\/wp\/v2\/product_brand?post=13620"},{"taxonomy":"product_cat","embeddable":true,"href":"https:\/\/glowyard.com\/de\/wp-json\/wp\/v2\/product_cat?post=13620"},{"taxonomy":"product_tag","embeddable":true,"href":"https:\/\/glowyard.com\/de\/wp-json\/wp\/v2\/product_tag?post=13620"}],"curies":[{"name":"wp","href":"https:\/\/api.w.org\/{rel}","templated":true}]}}