{"id":6636,"date":"2025-07-29T11:09:15","date_gmt":"2025-07-29T11:09:15","guid":{"rendered":"https:\/\/glowyard.com\/?page_id=6636"},"modified":"2025-11-07T06:59:04","modified_gmt":"2025-11-07T06:59:04","slug":"werbung","status":"publish","type":"page","link":"https:\/\/glowyard.com\/de\/recruitment\/","title":{"rendered":"Werbung"},"content":{"rendered":"<div data-elementor-type=\"wp-page\" data-elementor-id=\"6636\" class=\"elementor elementor-6636\" data-elementor-post-type=\"page\">\n\t\t\t\t<div class=\"elementor-element elementor-element-9d56abf e-flex e-con-boxed e-con e-parent\" data-id=\"9d56abf\" data-element_type=\"container\" data-e-type=\"container\" data-settings=\"{&quot;background_background&quot;:&quot;classic&quot;}\">\n\t\t\t\t\t<div class=\"e-con-inner\">\n\t\t\t\t<div class=\"elementor-element elementor-element-5cabc94 elementor-widget elementor-widget-heading\" data-id=\"5cabc94\" data-element_type=\"widget\" data-e-type=\"widget\" data-widget_type=\"heading.default\">\n\t\t\t\t<div class=\"elementor-widget-container\">\n\t\t\t\t\t<h1 class=\"elementor-heading-title elementor-size-default\">Glowyard Lighting \u2013 Dringender Personalbedarf 2025<\/h1>\t\t\t\t<\/div>\n\t\t\t\t<\/div>\n\t\t\t\t\t<\/div>\n\t\t\t\t<\/div>\n\t\t<div class=\"elementor-element elementor-element-a60d7cf e-flex e-con-boxed e-con e-parent\" data-id=\"a60d7cf\" data-element_type=\"container\" data-e-type=\"container\">\n\t\t\t\t\t<div class=\"e-con-inner\">\n\t\t\t\t<div class=\"elementor-element elementor-element-4beb4d3 elementor-widget elementor-widget-heading\" data-id=\"4beb4d3\" data-element_type=\"widget\" data-e-type=\"widget\" data-widget_type=\"heading.default\">\n\t\t\t\t<div class=\"elementor-widget-container\">\n\t\t\t\t\t<h2 class=\"elementor-heading-title elementor-size-default\">Schlie\u00df dich Glowyard an und gestalte gemeinsam eine bessere Zukunft<\/h2>\t\t\t\t<\/div>\n\t\t\t\t<\/div>\n\t\t\t\t<div class=\"elementor-element elementor-element-30c0a11 elementor-widget elementor-widget-text-editor\" data-id=\"30c0a11\" data-element_type=\"widget\" data-e-type=\"widget\" data-widget_type=\"text-editor.default\">\n\t\t\t\t<div class=\"elementor-widget-container\">\n\t\t\t\t\t\t\t\t\t<p>Glowyard Lighting ist ein f\u00fchrender Hersteller hochwertiger und innovativer Solar-Gartenleuchten. Unsere Produkte sind in China und weltweit erh\u00e4ltlich. Mit f\u00fcnf modernen Produktionslinien und \u00fcber 200 Mitarbeitern bieten wir ein hervorragendes Arbeitsumfeld und eine innovative Atmosph\u00e4re. Wir freuen uns, Sie bald bei uns begr\u00fc\u00dfen zu d\u00fcrfen.<\/p>\t\t\t\t\t\t\t\t<\/div>\n\t\t\t\t<\/div>\n\t\t\t\t<div class=\"elementor-element elementor-element-607f9c9 elementor-widget-divider--view-line elementor-widget elementor-widget-divider\" data-id=\"607f9c9\" data-element_type=\"widget\" data-e-type=\"widget\" data-widget_type=\"divider.default\">\n\t\t\t\t<div class=\"elementor-widget-container\">\n\t\t\t\t\t\t\t<div class=\"elementor-divider\">\n\t\t\t<span class=\"elementor-divider-separator\">\n\t\t\t\t\t\t<\/span>\n\t\t<\/div>\n\t\t\t\t\t\t<\/div>\n\t\t\t\t<\/div>\n\t\t\t\t<div class=\"elementor-element elementor-element-76fbce9 elementor-widget elementor-widget-heading\" data-id=\"76fbce9\" data-element_type=\"widget\" data-e-type=\"widget\" data-widget_type=\"heading.default\">\n\t\t\t\t<div class=\"elementor-widget-container\">\n\t\t\t\t\t<h2 class=\"elementor-heading-title elementor-size-default\">Unternehmensleistungen:<\/h2>\t\t\t\t<\/div>\n\t\t\t\t<\/div>\n\t\t\t\t<div class=\"elementor-element elementor-element-22501e1 elementor-widget elementor-widget-text-editor\" data-id=\"22501e1\" data-element_type=\"widget\" data-e-type=\"widget\" data-widget_type=\"text-editor.default\">\n\t\t\t\t<div class=\"elementor-widget-container\">\n\t\t\t\t\t\t\t\t\t<p>Wir bieten \u00dcberstundenzuschl\u00e4ge, eine umfassende Sozialversicherung, kostenlose Mahlzeiten, Urlaubszulagen, j\u00e4hrliche Firmenreisen sowie umfassende Aufstiegs- und Weiterbildungsm\u00f6glichkeiten, um das Wachstum und die Zufriedenheit jedes einzelnen Mitarbeiters zu f\u00f6rdern.<\/p>\t\t\t\t\t\t\t\t<\/div>\n\t\t\t\t<\/div>\n\t\t\t\t<div class=\"elementor-element elementor-element-9ad19b0 elementor-widget-divider--view-line elementor-widget elementor-widget-divider\" data-id=\"9ad19b0\" data-element_type=\"widget\" data-e-type=\"widget\" data-widget_type=\"divider.default\">\n\t\t\t\t<div class=\"elementor-widget-container\">\n\t\t\t\t\t\t\t<div class=\"elementor-divider\">\n\t\t\t<span class=\"elementor-divider-separator\">\n\t\t\t\t\t\t<\/span>\n\t\t<\/div>\n\t\t\t\t\t\t<\/div>\n\t\t\t\t<\/div>\n\t\t\t\t<div class=\"elementor-element elementor-element-4cf6c19 elementor-widget elementor-widget-heading\" data-id=\"4cf6c19\" data-element_type=\"widget\" data-e-type=\"widget\" data-widget_type=\"heading.default\">\n\t\t\t\t<div class=\"elementor-widget-container\">\n\t\t\t\t\t<h2 class=\"elementor-heading-title elementor-size-default\">Stellenangebote im Bereich Personalbeschaffung:<\/h2>\t\t\t\t<\/div>\n\t\t\t\t<\/div>\n\t\t\t\t\t<\/div>\n\t\t\t\t<\/div>\n\t\t<div class=\"elementor-element elementor-element-16661fc e-grid e-con-boxed e-con e-parent\" data-id=\"16661fc\" data-element_type=\"container\" data-e-type=\"container\">\n\t\t\t\t\t<div class=\"e-con-inner\">\n\t\t<div class=\"elementor-element elementor-element-e25a8d6 e-con-full e-flex e-con e-child\" data-id=\"e25a8d6\" data-element_type=\"container\" data-e-type=\"container\">\n\t\t\t\t<div class=\"elementor-element elementor-element-4dc99dc elementor-widget elementor-widget-heading\" data-id=\"4dc99dc\" data-element_type=\"widget\" data-e-type=\"widget\" data-widget_type=\"heading.default\">\n\t\t\t\t<div class=\"elementor-widget-container\">\n\t\t\t\t\t<h2 class=\"elementor-heading-title elementor-size-default\">Produktdesigner<\/h2>\t\t\t\t<\/div>\n\t\t\t\t<\/div>\n\t\t\t\t<div class=\"elementor-element elementor-element-9f82239 elementor-widget elementor-widget-text-editor\" data-id=\"9f82239\" data-element_type=\"widget\" data-e-type=\"widget\" data-widget_type=\"text-editor.default\">\n\t\t\t\t<div class=\"elementor-widget-container\">\n\t\t\t\t\t\t\t\t\t<p>Aufgaben: Sie sind verantwortlich f\u00fcr die Entwicklung von Solarbeleuchtungsprodukten und beherrschen SolidWorks\/CAD oder vergleichbare Konstruktionssoftware. Sie k\u00f6nnen Zeichnungen selbstst\u00e4ndig lesen und verf\u00fcgen \u00fcber innovative Designf\u00e4higkeiten. Berufseinsteiger sind willkommen; eine umfassende Einarbeitung wird gew\u00e4hrleistet.<\/p><p>\u00a0<\/p><p>Stellenangebote: 6<\/p><p>Monatsgehalt: Verhandelbar<\/p>\t\t\t\t\t\t\t\t<\/div>\n\t\t\t\t<\/div>\n\t\t\t\t<div class=\"elementor-element elementor-element-2451140 elementor-widget-divider--view-line elementor-widget elementor-widget-divider\" data-id=\"2451140\" data-element_type=\"widget\" data-e-type=\"widget\" data-widget_type=\"divider.default\">\n\t\t\t\t<div class=\"elementor-widget-container\">\n\t\t\t\t\t\t\t<div class=\"elementor-divider\">\n\t\t\t<span class=\"elementor-divider-separator\">\n\t\t\t\t\t\t<\/span>\n\t\t<\/div>\n\t\t\t\t\t\t<\/div>\n\t\t\t\t<\/div>\n\t\t\t\t<\/div>\n\t\t<div class=\"elementor-element elementor-element-d084ad4 e-con-full e-flex e-con e-child\" data-id=\"d084ad4\" data-element_type=\"container\" data-e-type=\"container\">\n\t\t\t\t<div class=\"elementor-element elementor-element-309e599 elementor-widget elementor-widget-heading\" data-id=\"309e599\" data-element_type=\"widget\" data-e-type=\"widget\" data-widget_type=\"heading.default\">\n\t\t\t\t<div class=\"elementor-widget-container\">\n\t\t\t\t\t<h2 class=\"elementor-heading-title elementor-size-default\">Spritzgie\u00dfmaschinenbediener<\/h2>\t\t\t\t<\/div>\n\t\t\t\t<\/div>\n\t\t\t\t<div class=\"elementor-element elementor-element-5ea1837 elementor-widget elementor-widget-text-editor\" data-id=\"5ea1837\" data-element_type=\"widget\" data-e-type=\"widget\" data-widget_type=\"text-editor.default\">\n\t\t\t\t<div class=\"elementor-widget-container\">\n\t\t\t\t\t\t\t\t\t<p>Aufgaben: Verantwortlich f\u00fcr die Spritzgussverarbeitung von Lampengeh\u00e4usen und -komponenten; Erfahrung im Umgang mit Spritzgussmaschinen ist erforderlich, entsprechende Berufserfahrung ist w\u00fcnschenswert. Sie arbeiten gewissenhaft und befolgen Anweisungen der Vorgesetzten.<\/p><p><br \/>8 freie Pl\u00e4tze<br \/>Monatsgehalt: Verhandelbar<\/p>\t\t\t\t\t\t\t\t<\/div>\n\t\t\t\t<\/div>\n\t\t\t\t<div class=\"elementor-element elementor-element-995f31a elementor-widget-divider--view-line elementor-widget elementor-widget-divider\" data-id=\"995f31a\" data-element_type=\"widget\" data-e-type=\"widget\" data-widget_type=\"divider.default\">\n\t\t\t\t<div class=\"elementor-widget-container\">\n\t\t\t\t\t\t\t<div class=\"elementor-divider\">\n\t\t\t<span class=\"elementor-divider-separator\">\n\t\t\t\t\t\t<\/span>\n\t\t<\/div>\n\t\t\t\t\t\t<\/div>\n\t\t\t\t<\/div>\n\t\t\t\t<\/div>\n\t\t<div class=\"elementor-element elementor-element-0486553 e-con-full e-flex e-con e-child\" data-id=\"0486553\" data-element_type=\"container\" data-e-type=\"container\">\n\t\t\t\t<div class=\"elementor-element elementor-element-1b249bb elementor-widget elementor-widget-heading\" data-id=\"1b249bb\" data-element_type=\"widget\" data-e-type=\"widget\" data-widget_type=\"heading.default\">\n\t\t\t\t<div class=\"elementor-widget-container\">\n\t\t\t\t\t<h2 class=\"elementor-heading-title elementor-size-default\">Montagearbeiter<\/h2>\t\t\t\t<\/div>\n\t\t\t\t<\/div>\n\t\t\t\t<div class=\"elementor-element elementor-element-6ed770e elementor-widget elementor-widget-text-editor\" data-id=\"6ed770e\" data-element_type=\"widget\" data-e-type=\"widget\" data-widget_type=\"text-editor.default\">\n\t\t\t\t<div class=\"elementor-widget-container\">\n\t\t\t\t\t\t\t\t\t<p>Aufgaben: Montage und Verpackung von Solarleuchten; selbstst\u00e4ndige Montage von Bauteilen m\u00f6glich. Erfahrung in der Flie\u00dfbandarbeit ist von Vorteil.<\/p><p><br \/>12 freie Pl\u00e4tze<br \/>Monatsgehalt: Verhandelbar<\/p>\t\t\t\t\t\t\t\t<\/div>\n\t\t\t\t<\/div>\n\t\t\t\t<div class=\"elementor-element elementor-element-f10c48a elementor-widget-divider--view-line elementor-widget elementor-widget-divider\" data-id=\"f10c48a\" data-element_type=\"widget\" data-e-type=\"widget\" data-widget_type=\"divider.default\">\n\t\t\t\t<div class=\"elementor-widget-container\">\n\t\t\t\t\t\t\t<div class=\"elementor-divider\">\n\t\t\t<span class=\"elementor-divider-separator\">\n\t\t\t\t\t\t<\/span>\n\t\t<\/div>\n\t\t\t\t\t\t<\/div>\n\t\t\t\t<\/div>\n\t\t\t\t<\/div>\n\t\t<div class=\"elementor-element elementor-element-49f6949 e-con-full e-flex e-con e-child\" data-id=\"49f6949\" data-element_type=\"container\" data-e-type=\"container\">\n\t\t\t\t<div class=\"elementor-element elementor-element-96e3191 elementor-widget elementor-widget-heading\" data-id=\"96e3191\" data-element_type=\"widget\" data-e-type=\"widget\" data-widget_type=\"heading.default\">\n\t\t\t\t<div class=\"elementor-widget-container\">\n\t\t\t\t\t<h2 class=\"elementor-heading-title elementor-size-default\">Qualit\u00e4tspr\u00fcfer<\/h2>\t\t\t\t<\/div>\n\t\t\t\t<\/div>\n\t\t\t\t<div class=\"elementor-element elementor-element-a7ef14f elementor-widget elementor-widget-text-editor\" data-id=\"a7ef14f\" data-element_type=\"widget\" data-e-type=\"widget\" data-widget_type=\"text-editor.default\">\n\t\t\t\t<div class=\"elementor-widget-container\">\n\t\t\t\t\t\t\t\t\t<p>Aufgaben: Verantwortlich f\u00fcr die Qualit\u00e4tskontrolle in verschiedenen Phasen der Leuchtenproduktion; F\u00e4higkeit zum Lesen einfacher Zeichnungen; Pr\u00fcfung von Aussehen und Funktion der Produkte. Erfahrung im Bereich Qualit\u00e4tskontrolle ist von Vorteil.<\/p><p><br \/>Stellenangebote: 5<br \/>Monatsgehalt: Verhandelbar<\/p>\t\t\t\t\t\t\t\t<\/div>\n\t\t\t\t<\/div>\n\t\t\t\t<div class=\"elementor-element elementor-element-7c34216 elementor-widget-divider--view-line elementor-widget elementor-widget-divider\" data-id=\"7c34216\" data-element_type=\"widget\" data-e-type=\"widget\" data-widget_type=\"divider.default\">\n\t\t\t\t<div class=\"elementor-widget-container\">\n\t\t\t\t\t\t\t<div class=\"elementor-divider\">\n\t\t\t<span class=\"elementor-divider-separator\">\n\t\t\t\t\t\t<\/span>\n\t\t<\/div>\n\t\t\t\t\t\t<\/div>\n\t\t\t\t<\/div>\n\t\t\t\t<\/div>\n\t\t<div class=\"elementor-element elementor-element-e8b731f e-con-full e-flex e-con e-child\" data-id=\"e8b731f\" data-element_type=\"container\" data-e-type=\"container\">\n\t\t\t\t<div class=\"elementor-element elementor-element-69e8966 elementor-widget elementor-widget-heading\" data-id=\"69e8966\" data-element_type=\"widget\" data-e-type=\"widget\" data-widget_type=\"heading.default\">\n\t\t\t\t<div class=\"elementor-widget-container\">\n\t\t\t\t\t<h2 class=\"elementor-heading-title elementor-size-default\">Lagerleiter\n<\/h2>\t\t\t\t<\/div>\n\t\t\t\t<\/div>\n\t\t\t\t<div class=\"elementor-element elementor-element-d50bdaa elementor-widget elementor-widget-text-editor\" data-id=\"d50bdaa\" data-element_type=\"widget\" data-e-type=\"widget\" data-widget_type=\"text-editor.default\">\n\t\t\t\t<div class=\"elementor-widget-container\">\n\t\t\t\t\t\t\t\t\t<p>Aufgaben: Verantwortlich f\u00fcr die Verwaltung des Wareneingangs und -ausgangs sowie der Fertigwaren, Sicherstellung genauer Lagerbestandsaufzeichnungen; Erfahrung mit Lagerverwaltungssoftware ist von Vorteil.<\/p><p><br \/>2 freie Pl\u00e4tze<br \/>Monatsgehalt: Verhandelbar<\/p>\t\t\t\t\t\t\t\t<\/div>\n\t\t\t\t<\/div>\n\t\t\t\t<\/div>\n\t\t\t\t\t<\/div>\n\t\t\t\t<\/div>\n\t\t<div class=\"elementor-element elementor-element-78d01a7 e-flex e-con-boxed e-con e-parent\" data-id=\"78d01a7\" data-element_type=\"container\" data-e-type=\"container\">\n\t\t\t\t\t<div class=\"e-con-inner\">\n\t\t\t\t<div class=\"elementor-element elementor-element-d5384cd elementor-widget-divider--view-line elementor-widget elementor-widget-divider\" data-id=\"d5384cd\" data-element_type=\"widget\" data-e-type=\"widget\" data-widget_type=\"divider.default\">\n\t\t\t\t<div class=\"elementor-widget-container\">\n\t\t\t\t\t\t\t<div class=\"elementor-divider\">\n\t\t\t<span class=\"elementor-divider-separator\">\n\t\t\t\t\t\t<\/span>\n\t\t<\/div>\n\t\t\t\t\t\t<\/div>\n\t\t\t\t<\/div>\n\t\t\t\t<div class=\"elementor-element elementor-element-76f70e9 elementor-widget elementor-widget-heading\" data-id=\"76f70e9\" data-element_type=\"widget\" data-e-type=\"widget\" data-widget_type=\"heading.default\">\n\t\t\t\t<div class=\"elementor-widget-container\">\n\t\t\t\t\t<h2 class=\"elementor-heading-title elementor-size-default\">Wir freuen uns, talentierte Menschen mit Leidenschaft f\u00fcr die Solarbeleuchtungsbranche in der Glowyard-Familie willkommen zu hei\u00dfen. Lasst uns gemeinsam wachsen und neue Erfolge feiern!<\/h2>\t\t\t\t<\/div>\n\t\t\t\t<\/div>\n\t\t\t\t\t<\/div>\n\t\t\t\t<\/div>\n\t\t\t\t<\/div>","protected":false},"excerpt":{"rendered":"<p>Glowyard Lighting Urgent Recruitment 2025 Join Glowyard and Create a Brighter Future Together Glowyard Lighting is a leading manufacturer dedicated to producing high-quality and innovative solar garden lights. Our products reach markets both in China and around the world. With five modern production lines and over 200 staff members, we provide an excellent working environment [&hellip;]<\/p>\n","protected":false},"author":1,"featured_media":0,"parent":0,"menu_order":40,"comment_status":"closed","ping_status":"closed","template":"","meta":{"_acf_changed":false,"_seopress_robots_primary_cat":"","_seopress_titles_title":"","_seopress_titles_desc":"","_seopress_robots_index":"","site-sidebar-layout":"no-sidebar","site-content-layout":"","ast-site-content-layout":"full-width-container","site-content-style":"default","site-sidebar-style":"default","ast-global-header-display":"","ast-banner-title-visibility":"","ast-main-header-display":"","ast-hfb-above-header-display":"","ast-hfb-below-header-display":"","ast-hfb-mobile-header-display":"","site-post-title":"disabled","ast-breadcrumbs-content":"","ast-featured-img":"disabled","footer-sml-layout":"","ast-disable-related-posts":"","theme-transparent-header-meta":"","adv-header-id-meta":"","stick-header-meta":"","header-above-stick-meta":"","header-main-stick-meta":"","header-below-stick-meta":"","astra-migrate-meta-layouts":"default","ast-page-background-enabled":"default","ast-page-background-meta":{"desktop":{"background-color":"var(--ast-global-color-5)","background-image":"","background-repeat":"repeat","background-position":"center center","background-size":"auto","background-attachment":"scroll","background-type":"","background-media":"","overlay-type":"","overlay-color":"","overlay-opacity":"","overlay-gradient":""},"tablet":{"background-color":"","background-image":"","background-repeat":"repeat","background-position":"center center","background-size":"auto","background-attachment":"scroll","background-type":"","background-media":"","overlay-type":"","overlay-color":"","overlay-opacity":"","overlay-gradient":""},"mobile":{"background-color":"","background-image":"","background-repeat":"repeat","background-position":"center center","background-size":"auto","background-attachment":"scroll","background-type":"","background-media":"","overlay-type":"","overlay-color":"","overlay-opacity":"","overlay-gradient":""}},"ast-content-background-meta":{"desktop":{"background-color":"var(--ast-global-color-4)","background-image":"","background-repeat":"repeat","background-position":"center center","background-size":"auto","background-attachment":"scroll","background-type":"","background-media":"","overlay-type":"","overlay-color":"","overlay-opacity":"","overlay-gradient":""},"tablet":{"background-color":"var(--ast-global-color-4)","background-image":"","background-repeat":"repeat","background-position":"center center","background-size":"auto","background-attachment":"scroll","background-type":"","background-media":"","overlay-type":"","overlay-color":"","overlay-opacity":"","overlay-gradient":""},"mobile":{"background-color":"var(--ast-global-color-4)","background-image":"","background-repeat":"repeat","background-position":"center center","background-size":"auto","background-attachment":"scroll","background-type":"","background-media":"","overlay-type":"","overlay-color":"","overlay-opacity":"","overlay-gradient":""}},"footnotes":""},"class_list":["post-6636","page","type-page","status-publish","hentry"],"acf":[],"_links":{"self":[{"href":"https:\/\/glowyard.com\/de\/wp-json\/wp\/v2\/pages\/6636","targetHints":{"allow":["GET"]}}],"collection":[{"href":"https:\/\/glowyard.com\/de\/wp-json\/wp\/v2\/pages"}],"about":[{"href":"https:\/\/glowyard.com\/de\/wp-json\/wp\/v2\/types\/page"}],"author":[{"embeddable":true,"href":"https:\/\/glowyard.com\/de\/wp-json\/wp\/v2\/users\/1"}],"replies":[{"embeddable":true,"href":"https:\/\/glowyard.com\/de\/wp-json\/wp\/v2\/comments?post=6636"}],"version-history":[{"count":0,"href":"https:\/\/glowyard.com\/de\/wp-json\/wp\/v2\/pages\/6636\/revisions"}],"wp:attachment":[{"href":"https:\/\/glowyard.com\/de\/wp-json\/wp\/v2\/media?parent=6636"}],"curies":[{"name":"wp","href":"https:\/\/api.w.org\/{rel}","templated":true}]}}