{"id":358,"date":"2024-07-07T04:36:35","date_gmt":"2024-07-07T04:36:35","guid":{"rendered":"https:\/\/glowyard.com\/?page_id=358"},"modified":"2025-12-13T09:27:45","modified_gmt":"2025-12-13T09:27:45","slug":"datenschutzrichtlinie","status":"publish","type":"page","link":"https:\/\/glowyard.com\/de\/privacy-policy\/","title":{"rendered":"Datenschutzrichtlinie"},"content":{"rendered":"<div data-elementor-type=\"wp-page\" data-elementor-id=\"358\" class=\"elementor elementor-358\" data-elementor-post-type=\"page\">\n\t\t\t\t\t\t<section class=\"elementor-section elementor-top-section elementor-element elementor-element-16a0c673 elementor-section-content-middle elementor-section-boxed elementor-section-height-default elementor-section-height-default\" data-id=\"16a0c673\" data-element_type=\"section\" data-e-type=\"section\">\n\t\t\t\t\t\t<div class=\"elementor-container elementor-column-gap-default\">\n\t\t\t\t\t<div class=\"elementor-column elementor-col-100 elementor-top-column elementor-element elementor-element-1e6e9bc1\" data-id=\"1e6e9bc1\" data-element_type=\"column\" data-e-type=\"column\">\n\t\t\t<div class=\"elementor-widget-wrap elementor-element-populated\">\n\t\t\t\t\t\t<div class=\"elementor-element elementor-element-67efdc5e elementor-widget elementor-widget-heading\" data-id=\"67efdc5e\" data-element_type=\"widget\" data-e-type=\"widget\" data-widget_type=\"heading.default\">\n\t\t\t\t<div class=\"elementor-widget-container\">\n\t\t\t\t\t<h1 class=\"elementor-heading-title elementor-size-default\">Willkommen zu unserer Datenschutzrichtlinie<\/h1>\t\t\t\t<\/div>\n\t\t\t\t<\/div>\n\t\t\t\t<div class=\"elementor-element elementor-element-d9e28f6 elementor-widget elementor-widget-text-editor\" data-id=\"d9e28f6\" data-element_type=\"widget\" data-e-type=\"widget\" data-widget_type=\"text-editor.default\">\n\t\t\t\t<div class=\"elementor-widget-container\">\n\t\t\t\t\t\t\t\t\t<p data-start=\"33\" data-end=\"388\" data-immersive-translate-walked=\"d5b6edfb-7bda-4766-994c-df773b45fa8d\" data-immersive-translate-paragraph=\"1\">Der Schutz Ihrer Daten ist uns \u00e4u\u00dferst wichtig.<\/p><h3 data-start=\"390\" data-end=\"442\" data-immersive-translate-walked=\"d5b6edfb-7bda-4766-994c-df773b45fa8d\"><a target=\"_new\" rel=\"noopener\" data-start=\"394\" data-end=\"442\" data-immersive-translate-walked=\"d5b6edfb-7bda-4766-994c-df773b45fa8d\" data-immersive-translate-paragraph=\"1\">\u00dcber Glowyard<\/a><\/h3><p data-start=\"444\" data-end=\"815\" data-immersive-translate-walked=\"d5b6edfb-7bda-4766-994c-df773b45fa8d\" data-immersive-translate-paragraph=\"1\">Glowyard ist eine Marke der Soume Lighting Co., Ltd. und spezialisiert auf die Entwicklung und Forschung von Solar-Gartenleuchten. Mit innovativen Designs und hochwertigen Produkten tragen wir dazu bei, Au\u00dfenbereiche mit nachhaltigen und \u00e4sthetischen Beleuchtungsl\u00f6sungen aufzuwerten. Unsere Mission ist es, unseren Kunden Beleuchtung zu bieten, die \u00c4sthetik und \u00f6kologische Nachhaltigkeit vereint.<\/p><h3 data-start=\"817\" data-end=\"867\" data-immersive-translate-walked=\"d5b6edfb-7bda-4766-994c-df773b45fa8d\"><a target=\"_new\" rel=\"noopener\" data-start=\"821\" data-end=\"867\" data-immersive-translate-walked=\"d5b6edfb-7bda-4766-994c-df773b45fa8d\" data-immersive-translate-paragraph=\"1\">\u00dcber uns<\/a><\/h3><p data-start=\"869\" data-end=\"1331\" data-immersive-translate-walked=\"d5b6edfb-7bda-4766-994c-df773b45fa8d\" data-immersive-translate-paragraph=\"1\">Ich bin Nathan Liang, Gr\u00fcnder und CEO von Glowyard, und mein Ziel ist es, innovative Solar-Gartenbeleuchtung weltweit zu etablieren. Unser Unternehmen verf\u00fcgt \u00fcber mehr als zehn Jahre Erfahrung und exportiert seine Produkte nach Europa, Nordamerika, Russland und in weitere Regionen. Wir beliefern ein breites Spektrum an Gesch\u00e4ftskunden, darunter Gartengestaltungsunternehmen, Einzel- und Gro\u00dfh\u00e4ndler. In diesem Artikel m\u00f6chte ich Ihnen unsere Datenschutzrichtlinien und unsere Ma\u00dfnahmen zum Schutz Ihrer pers\u00f6nlichen Daten erl\u00e4utern.<\/p><p data-start=\"1333\" data-end=\"1956\" data-immersive-translate-walked=\"d5b6edfb-7bda-4766-994c-df773b45fa8d\" data-immersive-translate-paragraph=\"1\">Die Datenschutzrichtlinie von Glowyard respektiert und sch\u00fctzt alle personenbezogenen Daten, die Sie uns bei der Nutzung unserer Website \u00fcbermitteln. Diese Datenschutzrichtlinie gilt f\u00fcr <a href=\"https:\/\/glowyard.com\/de\/\" target=\"_new\" rel=\"noopener noreferrer nofollow\" data-start=\"1489\" data-end=\"1533\" data-immersive-translate-walked=\"d5b6edfb-7bda-4766-994c-df773b45fa8d\">www.glowyard.com<\/a> (bezeichnet als \u201cwir\u201d, \u201cunser\u201d oder \u201c<a href=\"https:\/\/glowyard.com\/de\/\" target=\"_new\" rel=\"noopener noreferrer nofollow\" data-immersive-translate-walked=\"d5b6edfb-7bda-4766-994c-df773b45fa8d\">www.glowyard.com<\/a>\u201cWir verpflichten uns, Ihre Privatsph\u00e4re zu respektieren und die notwendigen Ma\u00dfnahmen zu ergreifen, um die von Ihnen \u00fcber die Website bereitgestellten personenbezogenen Daten zu sch\u00fctzen. Diese Richtlinie erl\u00e4utert, wie wir Informationen erfassen, wie wir sie verwenden und unter welchen Umst\u00e4nden wir sie an Dritte weitergeben. Diese Richtlinie gilt ausschlie\u00dflich f\u00fcr Informationen, die \u00fcber unsere Website und nicht auf anderem Wege erfasst werden.<\/p><h3 data-start=\"1958\" data-end=\"1978\" data-immersive-translate-walked=\"d5b6edfb-7bda-4766-994c-df773b45fa8d\" data-immersive-translate-paragraph=\"1\">Website-Besucher<\/h3><p data-start=\"1980\" data-end=\"2333\" data-immersive-translate-walked=\"d5b6edfb-7bda-4766-994c-df773b45fa8d\" data-immersive-translate-paragraph=\"1\">Wie die meisten Websitebetreiber erfasst auch Glowyard nicht-personenbezogene Daten, die Browser und Server \u00fcblicherweise bereitstellen, wie z. B. Browsertyp, Spracheinstellungen, verweisende Website sowie Datum und Uhrzeit jedes Besucherzugriffs. Wir erfassen diese Informationen, um besser zu verstehen, wie Besucher unsere Website nutzen und unsere Dienste zu verbessern.<\/p><p data-start=\"2335\" data-end=\"2668\" data-immersive-translate-walked=\"d5b6edfb-7bda-4766-994c-df773b45fa8d\">Glowyard sammelt au\u00dferdem potenziell personenbezogene Daten wie die IP-Adressen von eingeloggten Benutzern und denjenigen, die Kommentare auf unserem Blog hinterlassen. <a href=\"https:\/\/glowyard.com\/de\/\" target=\"_new\" rel=\"noopener noreferrer nofollow\" data-start=\"2490\" data-end=\"2541\" data-immersive-translate-walked=\"d5b6edfb-7bda-4766-994c-df773b45fa8d\">https:\/\/www.glowyard.com<\/a>. Diese Informationen werden nur unter den gleichen Umst\u00e4nden weitergegeben, unter denen wir personenbezogene Daten verwenden und offenlegen.<\/p><h3 data-start=\"2670\" data-end=\"2705\" data-immersive-translate-walked=\"d5b6edfb-7bda-4766-994c-df773b45fa8d\">Erhebung personenbezogener Daten<\/h3><p data-start=\"2707\" data-end=\"3072\" data-immersive-translate-walked=\"d5b6edfb-7bda-4766-994c-df773b45fa8d\">Manche Besucher der Glowyard-Website interagieren mit uns auf eine Weise, die die Erfassung personenbezogener Daten erfordert. Art und Umfang der erfassten Daten h\u00e4ngen von der Art der Interaktion ab. Wenn sich Besucher beispielsweise f\u00fcr ein Konto registrieren oder unseren Newsletter abonnieren, fragen wir m\u00f6glicherweise nach ihrem Namen, ihrer E-Mail-Adresse und ihrem Firmennamen.<\/p><h3 data-start=\"3074\" data-end=\"3086\" data-immersive-translate-walked=\"d5b6edfb-7bda-4766-994c-df773b45fa8d\">Sicherheit<\/h3><p data-start=\"3088\" data-end=\"3450\" data-immersive-translate-walked=\"d5b6edfb-7bda-4766-994c-df773b45fa8d\">Wir nehmen den Schutz Ihrer pers\u00f6nlichen Daten sehr ernst und setzen branchen\u00fcbliche Methoden ein, um Ihre Daten zu sch\u00fctzen. Bitte beachten Sie jedoch, dass keine Methode der Internet\u00fcbertragung oder elektronischen Speicherung hundertprozentige Sicherheit gew\u00e4hrleisten kann. Obwohl wir uns bem\u00fchen, die besten verf\u00fcgbaren Technologien zum Schutz Ihrer pers\u00f6nlichen Daten einzusetzen, k\u00f6nnen wir deren absolute Sicherheit nicht garantieren.<\/p><h3 data-start=\"3452\" data-end=\"3467\" data-immersive-translate-walked=\"d5b6edfb-7bda-4766-994c-df773b45fa8d\">Werbung<\/h3><p data-start=\"3469\" data-end=\"3984\" data-immersive-translate-walked=\"d5b6edfb-7bda-4766-994c-df773b45fa8d\">Die auf unserer Website angezeigten Anzeigen werden m\u00f6glicherweise von Werbepartnern geschaltet, die Cookies verwenden, um Ihr Surfverhalten zu verfolgen. Mithilfe dieser Cookies k\u00f6nnen die Werbeserver Ihren Computer bei jeder Anzeigenschaltung wiedererkennen und Informationen \u00fcber Ihr und das Verhalten anderer Nutzer sammeln. Anhand dieser Informationen kann das Werbenetzwerk Ihnen gezielte Werbung anzeigen, die f\u00fcr Sie von besonderem Interesse sein d\u00fcrfte. Unsere Datenschutzrichtlinie regelt die Verwendung von Cookies durch Glowyard, jedoch nicht die Verwendung von Cookies durch Werbetreibende.<\/p><h3 data-start=\"3986\" data-end=\"4004\" data-immersive-translate-walked=\"d5b6edfb-7bda-4766-994c-df773b45fa8d\">Externe Links<\/h3><p data-start=\"4006\" data-end=\"4267\" data-immersive-translate-walked=\"d5b6edfb-7bda-4766-994c-df773b45fa8d\">Unsere Dienste k\u00f6nnen Links zu externen Webseiten enthalten, die nicht von uns betrieben werden. Wenn Sie auf einen Link eines Drittanbieters klicken, werden Sie auf dessen Webseite weitergeleitet. Wir empfehlen Ihnen dringend, die Datenschutzrichtlinien und Nutzungsbedingungen jeder Webseite, die Sie besuchen, zu lesen.<\/p><p data-start=\"4269\" data-end=\"4422\" data-immersive-translate-walked=\"d5b6edfb-7bda-4766-994c-df773b45fa8d\">Wir haben keine Kontrolle \u00fcber den Inhalt, die Datenschutzrichtlinien oder die Praktiken von Websites, Produkten oder Dienstleistungen Dritter und \u00fcbernehmen daf\u00fcr keine Verantwortung.<\/p><h3 data-start=\"4424\" data-end=\"4450\" data-immersive-translate-walked=\"d5b6edfb-7bda-4766-994c-df773b45fa8d\">\u00c4nderungen der Datenschutzrichtlinie<\/h3><p data-start=\"4452\" data-end=\"4725\" data-immersive-translate-walked=\"d5b6edfb-7bda-4766-994c-df773b45fa8d\">Auch wenn die meisten \u00c4nderungen voraussichtlich geringf\u00fcgig ausfallen, kann Glowyard seine Datenschutzrichtlinie von Zeit zu Zeit aktualisieren. Wir empfehlen Besuchern, diese Seite regelm\u00e4\u00dfig auf \u00c4nderungen zu \u00fcberpr\u00fcfen. Indem Sie unsere Website nach Aktualisierungen dieser Datenschutzrichtlinie weiterhin nutzen, akzeptieren Sie diese \u00c4nderungen.<\/p><h3 data-start=\"4727\" data-end=\"4744\" data-immersive-translate-walked=\"d5b6edfb-7bda-4766-994c-df773b45fa8d\">Cookie-Richtlinie<\/h3><h4 data-start=\"4746\" data-end=\"4768\" data-immersive-translate-walked=\"d5b6edfb-7bda-4766-994c-df773b45fa8d\">Was ist ein Cookie?<\/h4><p data-start=\"4770\" data-end=\"4918\" data-immersive-translate-walked=\"d5b6edfb-7bda-4766-994c-df773b45fa8d\">Diese Cookie-Richtlinie erkl\u00e4rt, was Cookies sind, wie wir sie verwenden, welche Arten von Cookies wir verwenden und wie wir Informationen durch Cookies sammeln und nutzen.<\/p><p data-start=\"4920\" data-end=\"5148\" data-immersive-translate-walked=\"d5b6edfb-7bda-4766-994c-df773b45fa8d\">Ein Cookie ist eine kleine Textdatei, die auf Ihrem Ger\u00e4t gespeichert wird, wenn eine Website in Ihrem Browser geladen wird. Diese Cookies helfen uns, die Website funktionsf\u00e4hig zu machen, ihre Sicherheit zu gew\u00e4hrleisten, Ihre Benutzererfahrung zu verbessern und die Leistung der Website zu analysieren.<\/p><h4 data-start=\"5150\" data-end=\"5173\" data-immersive-translate-walked=\"d5b6edfb-7bda-4766-994c-df773b45fa8d\">Wie wir Cookies verwenden<\/h4><p data-start=\"5175\" data-end=\"5401\" data-immersive-translate-walked=\"d5b6edfb-7bda-4766-994c-df773b45fa8d\">Wie die meisten Online-Dienste verwenden wir sowohl Erstanbieter- als auch Drittanbieter-Cookies f\u00fcr verschiedene Zwecke. Erstanbieter-Cookies sind in erster Linie f\u00fcr den Betrieb der Website unerl\u00e4sslich und erfassen keine personenbezogenen Daten.<\/p><p data-start=\"5403\" data-end=\"5618\" data-immersive-translate-walked=\"d5b6edfb-7bda-4766-994c-df773b45fa8d\">Cookies von Drittanbietern werden haupts\u00e4chlich verwendet, um zu verstehen, wie die Website funktioniert, wie Sie mit uns interagieren, die Sicherheit unserer Dienste zu gew\u00e4hrleisten, relevante Werbung anzuzeigen und Ihr allgemeines Benutzererlebnis zu verbessern.<\/p><h4 data-start=\"5620\" data-end=\"5648\" data-immersive-translate-walked=\"d5b6edfb-7bda-4766-994c-df773b45fa8d\">Arten von Cookies, die wir verwenden<\/h4><ul data-start=\"5650\" data-end=\"6378\" data-immersive-translate-walked=\"d5b6edfb-7bda-4766-994c-df773b45fa8d\"><li data-start=\"5650\" data-end=\"5864\" data-immersive-translate-walked=\"d5b6edfb-7bda-4766-994c-df773b45fa8d\"><p data-start=\"5652\" data-end=\"5864\" data-immersive-translate-walked=\"d5b6edfb-7bda-4766-994c-df773b45fa8d\"><strong data-start=\"5652\" data-end=\"5673\" data-immersive-translate-walked=\"d5b6edfb-7bda-4766-994c-df773b45fa8d\">Notwendige Cookies<\/strong>Diese Cookies sind f\u00fcr die grundlegenden Funktionen der Website unerl\u00e4sslich, beispielsweise f\u00fcr ein sicheres Login oder die Anpassung Ihrer Einwilligungseinstellungen. Sie speichern keine personenbezogenen Daten.<\/p><\/li><li data-start=\"5868\" data-end=\"6007\" data-immersive-translate-walked=\"d5b6edfb-7bda-4766-994c-df773b45fa8d\"><p data-start=\"5870\" data-end=\"6007\" data-immersive-translate-walked=\"d5b6edfb-7bda-4766-994c-df773b45fa8d\"><strong data-start=\"5870\" data-end=\"5892\" data-immersive-translate-walked=\"d5b6edfb-7bda-4766-994c-df773b45fa8d\">Funktionale Cookies<\/strong>Diese Cookies helfen bei der Ausf\u00fchrung bestimmter Funktionen, wie z. B. dem Teilen von Website-Inhalten in sozialen Medien oder dem Sammeln von Feedback.<\/p><\/li><li data-start=\"6009\" data-end=\"6196\" data-immersive-translate-walked=\"d5b6edfb-7bda-4766-994c-df773b45fa8d\"><p data-start=\"6011\" data-end=\"6196\" data-immersive-translate-walked=\"d5b6edfb-7bda-4766-994c-df773b45fa8d\"><strong data-start=\"6011\" data-end=\"6033\" data-immersive-translate-walked=\"d5b6edfb-7bda-4766-994c-df773b45fa8d\">Analyse-Cookies<\/strong>Diese Cookies helfen uns zu verstehen, wie Besucher mit der Website interagieren, und liefern Informationen wie die Anzahl der Besucher, Absprungraten und Traffic-Quellen.<\/p><\/li><li data-start=\"6198\" data-end=\"6378\" data-immersive-translate-walked=\"d5b6edfb-7bda-4766-994c-df773b45fa8d\"><p data-start=\"6200\" data-end=\"6378\" data-immersive-translate-walked=\"d5b6edfb-7bda-4766-994c-df773b45fa8d\"><strong data-start=\"6200\" data-end=\"6223\" data-immersive-translate-walked=\"d5b6edfb-7bda-4766-994c-df773b45fa8d\">Werbe-Cookies<\/strong>Diese Cookies dienen dazu, Besuchern personalisierte Werbung basierend auf ihrem Browserverlauf anzuzeigen und die Effektivit\u00e4t von Werbekampagnen zu analysieren.<\/p><\/li><\/ul><h4 data-start=\"6380\" data-end=\"6412\" data-immersive-translate-walked=\"d5b6edfb-7bda-4766-994c-df773b45fa8d\">Cookie-Einstellungen verwalten<\/h4><p data-start=\"6414\" data-end=\"6591\" data-immersive-translate-walked=\"d5b6edfb-7bda-4766-994c-df773b45fa8d\">Sie k\u00f6nnen Cookies \u00fcber Ihre Browsereinstellungen verwalten oder l\u00f6schen. Verschiedene Browser bieten unterschiedliche Methoden zur Cookie-Verwaltung. Ausf\u00fchrliche Hilfe finden Sie unter den folgenden Links:<\/p><ul data-start=\"6592\" data-end=\"6958\" data-immersive-translate-walked=\"d5b6edfb-7bda-4766-994c-df773b45fa8d\"><li data-start=\"6592\" data-end=\"6676\" data-immersive-translate-walked=\"d5b6edfb-7bda-4766-994c-df773b45fa8d\"><a href=\"https:\/\/support.google.com\/accounts\/answer\/32050\" target=\"_new\" rel=\"noopener noreferrer nofollow\" data-start=\"6594\" data-end=\"6676\" data-immersive-translate-walked=\"d5b6edfb-7bda-4766-994c-df773b45fa8d\">Cookie-Einstellungen des Chrome-Browsers<\/a><\/li><li data-start=\"6677\" data-end=\"6771\" data-immersive-translate-walked=\"d5b6edfb-7bda-4766-994c-df773b45fa8d\"><a href=\"https:\/\/support.apple.com\/en-in\/guide\/safari\/sfri11471\/mac\" target=\"_new\" rel=\"noopener noreferrer nofollow\" data-start=\"6679\" data-end=\"6771\" data-immersive-translate-walked=\"d5b6edfb-7bda-4766-994c-df773b45fa8d\">Safari-Browser-Cookie-Einstellungen<\/a><\/li><li data-start=\"6772\" data-end=\"6958\" data-immersive-translate-walked=\"d5b6edfb-7bda-4766-994c-df773b45fa8d\"><a href=\"https:\/\/support.mozilla.org\/en-US\/kb\/clear-cookies-and-site-data-firefox?redirectslug=delete-cookies-remove-info-websites-stored&redirectlocale=en-US\" target=\"_new\" rel=\"noopener noreferrer nofollow\" data-start=\"6774\" data-end=\"6958\" data-immersive-translate-walked=\"d5b6edfb-7bda-4766-994c-df773b45fa8d\">Firefox-Browser-Cookie-Einstellungen<\/a><\/li><\/ul><p data-start=\"6960\" data-end=\"7045\" data-immersive-translate-walked=\"d5b6edfb-7bda-4766-994c-df773b45fa8d\">Falls Sie einen anderen Browser verwenden, besuchen Sie bitte dessen offizielle Support-Dokumentation.<\/p><p data-start=\"7047\" data-end=\"7079\" data-is-last-node=\"\" data-immersive-translate-walked=\"d5b6edfb-7bda-4766-994c-df773b45fa8d\">Vielen Dank f\u00fcr Ihren Besuch bei Glowyard!<\/p>\t\t\t\t\t\t\t\t<\/div>\n\t\t\t\t<\/div>\n\t\t\t\t\t<\/div>\n\t\t<\/div>\n\t\t\t\t\t<\/div>\n\t\t<\/section>\n\t\t\t\t<\/div>","protected":false},"excerpt":{"rendered":"<p>Welcome to Our Privacy Policy Your privacy is of utmost importance to us. About Glowyard Glowyard is a brand under Soume Lighting Co., Ltd., specializing in the design, research, and development of solar garden lights. With innovative designs and high-quality products, we help enhance outdoor spaces with sustainable and beautiful lighting solutions. Our mission is [&hellip;]<\/p>\n","protected":false},"author":1,"featured_media":0,"parent":0,"menu_order":37,"comment_status":"closed","ping_status":"closed","template":"","meta":{"_acf_changed":false,"_seopress_robots_primary_cat":"","_seopress_titles_title":"Privacy Policy | Data Protection & Website Privacy","_seopress_titles_desc":"This Privacy Policy explains how we collect, use, and protect personal data submitted through our website in compliance with global privacy regulations.","_seopress_robots_index":"","site-sidebar-layout":"default","site-content-layout":"","ast-site-content-layout":"default","site-content-style":"default","site-sidebar-style":"default","ast-global-header-display":"","ast-banner-title-visibility":"","ast-main-header-display":"","ast-hfb-above-header-display":"","ast-hfb-below-header-display":"","ast-hfb-mobile-header-display":"","site-post-title":"","ast-breadcrumbs-content":"","ast-featured-img":"","footer-sml-layout":"","ast-disable-related-posts":"","theme-transparent-header-meta":"","adv-header-id-meta":"","stick-header-meta":"","header-above-stick-meta":"","header-main-stick-meta":"","header-below-stick-meta":"","astra-migrate-meta-layouts":"default","ast-page-background-enabled":"default","ast-page-background-meta":{"desktop":{"background-color":"var(--ast-global-color-5)","background-image":"","background-repeat":"repeat","background-position":"center center","background-size":"auto","background-attachment":"scroll","background-type":"","background-media":"","overlay-type":"","overlay-color":"","overlay-opacity":"","overlay-gradient":""},"tablet":{"background-color":"","background-image":"","background-repeat":"repeat","background-position":"center center","background-size":"auto","background-attachment":"scroll","background-type":"","background-media":"","overlay-type":"","overlay-color":"","overlay-opacity":"","overlay-gradient":""},"mobile":{"background-color":"","background-image":"","background-repeat":"repeat","background-position":"center center","background-size":"auto","background-attachment":"scroll","background-type":"","background-media":"","overlay-type":"","overlay-color":"","overlay-opacity":"","overlay-gradient":""}},"ast-content-background-meta":{"desktop":{"background-color":"var(--ast-global-color-4)","background-image":"","background-repeat":"repeat","background-position":"center center","background-size":"auto","background-attachment":"scroll","background-type":"","background-media":"","overlay-type":"","overlay-color":"","overlay-opacity":"","overlay-gradient":""},"tablet":{"background-color":"var(--ast-global-color-4)","background-image":"","background-repeat":"repeat","background-position":"center center","background-size":"auto","background-attachment":"scroll","background-type":"","background-media":"","overlay-type":"","overlay-color":"","overlay-opacity":"","overlay-gradient":""},"mobile":{"background-color":"var(--ast-global-color-4)","background-image":"","background-repeat":"repeat","background-position":"center center","background-size":"auto","background-attachment":"scroll","background-type":"","background-media":"","overlay-type":"","overlay-color":"","overlay-opacity":"","overlay-gradient":""}},"footnotes":""},"class_list":["post-358","page","type-page","status-publish","hentry"],"acf":[],"_links":{"self":[{"href":"https:\/\/glowyard.com\/de\/wp-json\/wp\/v2\/pages\/358","targetHints":{"allow":["GET"]}}],"collection":[{"href":"https:\/\/glowyard.com\/de\/wp-json\/wp\/v2\/pages"}],"about":[{"href":"https:\/\/glowyard.com\/de\/wp-json\/wp\/v2\/types\/page"}],"author":[{"embeddable":true,"href":"https:\/\/glowyard.com\/de\/wp-json\/wp\/v2\/users\/1"}],"replies":[{"embeddable":true,"href":"https:\/\/glowyard.com\/de\/wp-json\/wp\/v2\/comments?post=358"}],"version-history":[{"count":1,"href":"https:\/\/glowyard.com\/de\/wp-json\/wp\/v2\/pages\/358\/revisions"}],"predecessor-version":[{"id":22782,"href":"https:\/\/glowyard.com\/de\/wp-json\/wp\/v2\/pages\/358\/revisions\/22782"}],"wp:attachment":[{"href":"https:\/\/glowyard.com\/de\/wp-json\/wp\/v2\/media?parent=358"}],"curies":[{"name":"wp","href":"https:\/\/api.w.org\/{rel}","templated":true}]}}